{"id":53,"date":"2015-06-10T21:15:27","date_gmt":"2015-06-10T19:15:27","guid":{"rendered":"http:\/\/web5059.typo520.konto.name\/wordpress\/?page_id=53"},"modified":"2016-04-08T16:34:21","modified_gmt":"2016-04-08T14:34:21","slug":"startseite","status":"publish","type":"page","link":"https:\/\/www.froehlich-heizungsbau.de\/wordpress\/","title":{"rendered":""},"content":{"rendered":"<div id=\"metaslider-id-155\" style=\"width: 100%; margin: 0 auto;\" class=\"ml-slider-3-107-0 metaslider metaslider-flex metaslider-155 ml-slider ms-theme-default nav-hidden\" role=\"region\" aria-label=\"Startseite\" data-height=\"400\" data-width=\"1280\">\n    <div id=\"metaslider_container_155\">\n        <div id=\"metaslider_155\">\n            <ul class='slides'>\n                <li style=\"display: block; width: 100%;\" class=\"slide-412 ms-image \" aria-roledescription=\"slide\" data-date=\"2016-04-08 16:13:27\" data-filename=\"G0030719-1280x400.jpg\" data-slide-type=\"image\"><img loading=\"lazy\" decoding=\"async\" src=\"https:\/\/www.froehlich-heizungsbau.de\/wordpress\/wp-content\/uploads\/2016\/04\/G0030719-1280x400.jpg\" height=\"400\" width=\"1280\" alt=\"\" class=\"slider-155 slide-412 msDefaultImage\" \/><\/li>\n                <li style=\"display: none; width: 100%;\" class=\"slide-411 ms-image \" aria-roledescription=\"slide\" data-date=\"2016-04-08 15:32:56\" data-filename=\"gopro-1280x400.jpg\" data-slide-type=\"image\"><img loading=\"lazy\" decoding=\"async\" src=\"https:\/\/www.froehlich-heizungsbau.de\/wordpress\/wp-content\/uploads\/2016\/04\/gopro-1280x400.jpg\" height=\"400\" width=\"1280\" alt=\"\" class=\"slider-155 slide-411 msDefaultImage\" \/><\/li>\n                <li style=\"display: none; width: 100%;\" class=\"slide-279 ms-image \" aria-roledescription=\"slide\" data-date=\"2016-04-07 11:34:11\" data-filename=\"Screenshot_2014-09-27-18-47-16-1280x400.png\" data-slide-type=\"image\"><img loading=\"lazy\" decoding=\"async\" src=\"https:\/\/www.froehlich-heizungsbau.de\/wordpress\/wp-content\/uploads\/2016\/04\/Screenshot_2014-09-27-18-47-16-1280x400.png\" height=\"400\" width=\"1280\" alt=\"\" class=\"slider-155 slide-279 msDefaultImage\" \/><\/li>\n            <\/ul>\n        <\/div>\n        \n    <\/div>\n<\/div>\n<h2>Beratung, Planung und Ausf\u00fchrung &#8211; alles aus einer Hand seit mehr als 45 Jahren in der 3.Generation<\/h2>\n<p>Herzlich willkommen bei Morris Fr\u00f6hlich &#8211; dem Fachmann f\u00fcr Sanit\u00e4r, Heizung, L\u00fcftung und Solaranlagen im lieblichen Taubertal.<\/p>\n<p>Wir freuen uns darauf, Ihnen bei Ihren W\u00fcnschen und Vorstellungen mit Rat und Tat zur Seite zu stehen. Egal ob Umbau, Neubau, Renovierung oder Instandsetzung &#8211; als Spezialist f\u00fcr Heizungs-, Sanit\u00e4r-, L\u00fcftungs- und Solartechnik beraten wir Sie kompetent und sind zust\u00e4ndig f\u00fcr s\u00e4mtliche Planungen und Ausf\u00fchrungen.<\/p>\n<p>Wir installieren, renovieren und sanieren Ihre Heizungssysteme sowie Sanit\u00e4r- und Badeinrichtungen<\/p>\n","protected":false},"excerpt":{"rendered":"<p>Beratung, Planung und Ausf\u00fchrung &#8211; alles aus einer Hand seit mehr als 45 Jahren in der 3.Generation Herzlich willkommen bei Morris Fr\u00f6hlich &#8211; dem Fachmann f\u00fcr Sanit\u00e4r, Heizung, L\u00fcftung und Solaranlagen im lieblichen Taubertal. Wir freuen uns darauf, Ihnen bei Ihren W\u00fcnschen und Vorstellungen mit Rat und Tat zur Seite zu stehen. Egal ob Umbau, [&hellip;]<\/p>\n","protected":false},"author":1,"featured_media":0,"parent":0,"menu_order":0,"comment_status":"closed","ping_status":"closed","template":"","meta":{"footnotes":""},"class_list":["post-53","page","type-page","status-publish","hentry","post"],"_links":{"self":[{"href":"https:\/\/www.froehlich-heizungsbau.de\/wordpress\/wp-json\/wp\/v2\/pages\/53","targetHints":{"allow":["GET"]}}],"collection":[{"href":"https:\/\/www.froehlich-heizungsbau.de\/wordpress\/wp-json\/wp\/v2\/pages"}],"about":[{"href":"https:\/\/www.froehlich-heizungsbau.de\/wordpress\/wp-json\/wp\/v2\/types\/page"}],"author":[{"embeddable":true,"href":"https:\/\/www.froehlich-heizungsbau.de\/wordpress\/wp-json\/wp\/v2\/users\/1"}],"replies":[{"embeddable":true,"href":"https:\/\/www.froehlich-heizungsbau.de\/wordpress\/wp-json\/wp\/v2\/comments?post=53"}],"version-history":[{"count":13,"href":"https:\/\/www.froehlich-heizungsbau.de\/wordpress\/wp-json\/wp\/v2\/pages\/53\/revisions"}],"predecessor-version":[{"id":414,"href":"https:\/\/www.froehlich-heizungsbau.de\/wordpress\/wp-json\/wp\/v2\/pages\/53\/revisions\/414"}],"wp:attachment":[{"href":"https:\/\/www.froehlich-heizungsbau.de\/wordpress\/wp-json\/wp\/v2\/media?parent=53"}],"curies":[{"name":"wp","href":"https:\/\/api.w.org\/{rel}","templated":true}]}}