{"id":421,"date":"2016-09-06T17:46:41","date_gmt":"2016-09-06T15:46:41","guid":{"rendered":"http:\/\/www.froehlich-heizungsbau.de\/wordpress\/?page_id=421"},"modified":"2019-06-25T13:33:18","modified_gmt":"2019-06-25T11:33:18","slug":"impressum","status":"publish","type":"page","link":"https:\/\/www.froehlich-heizungsbau.de\/wordpress\/impressum\/","title":{"rendered":"Impressum"},"content":{"rendered":"<p>Morris Fr\u00f6hlich<br \/>\nMorris Fr\u00f6hlich Heizungsbau<br \/>\nZur Altenau 9<br \/>\n97941 Tauberbischofsheim<\/p>\n<p>Telefon: 09341\/3659<br \/>\nTelefax: 09341\/13278<br \/>\nE-Mail: <a href=\"mailto:info@froehlich-heizungsbau.de\">info@froehlich-heizungsbau.de<\/a><\/p>\n<p><strong>Umsatzsteuer-ID: <\/strong><br \/>\nUmsatzsteuer-Identifikationsnummer nach \u00a727a Umsatzsteuergesetz:<br \/>\nDE146568805<br \/>\nHandwerkskammer Heilbronn<br \/>\nBetriebsnr. 0025485<br \/>\nGesch\u00e4ftsf\u00fchrer: Morris Fr\u00f6hlich<\/p>\n<p><strong>Datenschutzerkl\u00e4rung<\/strong><\/p>\n<p>Fr\u00f6hlich Heizungsbau nimmt Ihren Datenschutz sehr ernst und behandelt Ihre personenbezogenen Daten vertraulich und entsprechend der gesetzlichen Vorschriften. Bedenken Sie, dass die Daten\u00fcbertragung im Internet grunds\u00e4tzlich mit Sicherheitsl\u00fccken bedacht sein kann. Ein vollumf\u00e4nglicher Schutz vor dem Zugriff durch Fremde ist nicht realisierbar.<\/p>\n<p><strong>Links<\/strong><br \/>\nUnsere Website kann Links zu anderen Anbietern\/Dritten enthalten, auf die sich diese Datenschutzerkl\u00e4rung nicht erstreckt. Diese Links zu Fremdanbietern sind deutlich ersichtlich. Eine Link-Verbindung zu einer anderen Domain kommt erst mit Ihrem Einverst\u00e4ndnis durch Ihr gezieltes Anw\u00e4hlen bzw. Anklicken zustande. Wir weisen Sie darauf hin, dass wir keinen Einfluss \u2013 weder auf Inhalt noch Gestaltung \u2013 auf diese externen Seiten haben. Aus diesem Grund distanzieren wir uns hiermit von allen Inhalten zu externen Links anderer Webseiten.<\/p>\n<p><strong>Nutzung<\/strong><br \/>\nDie Nutzung unserer Webseite ist in der Regel ohne Angabe personenbezogener Daten m\u00f6glich. Soweit auf unseren Seiten personenbezogene Daten (beispielsweise Name, Anschrift oder E-Mail-Adressen) erhoben werden, erfolgt dies soweit m\u00f6glich stets auf freiwilliger Basis. Diese Daten werden ohne Ihre ausdr\u00fcckliche Zustimmung nicht an Dritte weitergegeben.<\/p>\n<p><strong>Zugriffsdaten<\/strong><br \/>\nUnsere Website sowie unsere E-Mails werden bei folgendem Hosting Anbieter gehostet bzw. verwaltet: rockenstein AG, Ohmstr. 12, 97076 W\u00fcrzburg.<br \/>\nDer Seitenprovider erhebt Daten \u00fcber Zugriffe auf die Seite und speichert diese als \u201eServer-Logfiles\u201c ab. Folgende Daten werden so f\u00fcr unsere Website protokolliert:<\/p>\n<p>\u2022 Pageviews (Zahl der besuchten Seiten)<br \/>\n\u2022 Sessions (Zahl der Sitzungen, Tag\/ Woche\/ Monat)<br \/>\n\u2022 Hits\/Files (Tag, Woche &amp; Uhrzeit, Land &amp; Region)<br \/>\n\u2022 Datentransfer (Gr\u00f6\u00dfe der abgerufenen Datenmenge)<br \/>\n\u2022 Items-URLs (abgerufene Inhaltseiten)<br \/>\n\u2022 Browser (benutzte Browser)<br \/>\n\u2022 Client-Domains (Zugriffe externer Domains)<br \/>\n\u2022 Referrer URLs (Zugriffs URL externer Host-Rechner, Server)<\/p>\n<p>Die erhobenen Daten dienen lediglich statistischen Auswertungen und zur Verbesserung der Website. Der Websitebetreiber beh\u00e4lt sich allerdings vor, die Server-Logfiles nachtr\u00e4glich zu \u00fcberpr\u00fcfen, sollten konkrete Anhaltspunkte auf eine rechtswidrige Nutzung hinweisen. Weitere Informationen \u00fcber den Datenschutz unseres Hostingpartners finden Sie unter folgender Adresse: https:\/\/www.rockenstein.de\/datenschutz.html<\/p>\n<p><strong>Cookies<\/strong><br \/>\nAuf dieser Website werden Cookies verwendet.&nbsp; Bei Cookies handelt es sich um kleine Textdateien, die auf dem Rechner des Nutzers (PC, Laptop, Tablet, Smartphone o.\u00e4.) abgelegt werden. In dem Cookie werden Informationen abgelegt, die sich jeweils im Zusammenhang mit dem spezifisch eingesetzten Endger\u00e4t ergeben. Dies bedeutet jedoch nicht, dass wir dadurch unmittelbar Kenntnis von Ihrer Identit\u00e4t erhalten.<\/p>\n<p>Der Einsatz von Cookies dient einerseits dazu, die Nutzung unseres Angebots f\u00fcr Sie angenehmer zu gestalten. So setzen wir sogenannte Session-Cookies ein, um zu erkennen, dass Sie einzelne Seiten unserer Website bereits besucht haben. Diese werden nach Verlassen unserer Seite automatisch gel\u00f6scht.<\/p>\n<p>Dar\u00fcber hinaus setzen wir ebenfalls zur Optimierung der Benutzerfreundlichkeit tempor\u00e4re Cookies ein, die f\u00fcr einen bestimmten festgelegten Zeitraum auf Ihrem Endger\u00e4t gespeichertwerden. Besuchen Sie unsere Seite erneut, um unsere Dienste in An spruch zu nehmen, wird automatisch erkannt, dass Sie bereits bei uns waren und welche Eingaben und Einstellungen sie get\u00e4tigt haben, um diese nicht noch einmal eingeben zu m\u00fcssen.<\/p>\n<p>Die durch Cookies verarbeiteten Daten sind f\u00fcr die genannten Zwecke zur Wahrung unserer berechtigten Interessen sowie der Dritter nach Art. 6 Abs. 1 S. 1 lit. f DSGVO erforderlich.<\/p>\n<p>Die meisten Browser akzeptieren Cookies automatisch. Sie k\u00f6nnen das Speichern von Cookies verhindern, indem Sie entsprechende Einstellungen \u201ckeine Cookies akzeptieren\u201d an ihrem Browser vornehmen. In der Regel finden Sie die Einstellungen hierzu im Bereich \u201cDatenschutz\u201d, \u201cPrivatsph\u00e4re\u201d oder \u201cSicherheit\u201d<\/p>\n<p>Es kann allerdings sein, dass Sie, wenn Sie das Speichern von Cookies verbieten, nicht s\u00e4mtliche Funktionen unserer Website nutzen k\u00f6nnen.<\/p>\n<p><strong>Umgang mit personenbezogenen Daten<\/strong><br \/>\nWir nutzen Ihre personenbezogenen Daten nur dann weiter, wenn dies im gesetzlichen Rahmen erlaubt ist oder Sie in die Datenerhebung einwilligen. Als personenbezogene Daten gelten s\u00e4mtliche Informationen, welche dazu dienen, Ihre Person zu bestimmen und welche zu Ihnen zur\u00fcckverfolgt werden k\u00f6nnen \u2013 also beispielsweise Ihr Name, Ihre E-Mail-Adresse und Telefonnummer. Daten die Personen bezogen werden k\u00f6nnen, werden nicht automatisch von unserer Seite erfasst, es sei denn diese teilen diese uns z.B. per E-Mail freiwillig mit.<\/p>\n<p><strong>Umgang mit Kontaktdaten<\/strong><br \/>\nNehmen Sie mit dem Websitebetreiber durch die angebotenen Kontaktm\u00f6glichkeiten Verbindung auf, werden Ihre Angaben gespeichert, damit wir auf diese zur Bearbeitung und Beantwortung Ihrer Anfrage zur\u00fcckgegriffen werden kann. Ohne Ihre Einwilligung werden diese Daten nicht an Dritte weitergegeben.<\/p>\n<p><strong>Jugendschutz<\/strong><br \/>\nUnsere Seiten beinhalten keine Jugendschutz gef\u00e4hrdende Inhalte.<\/p>\n<p><strong>Auskunftsrecht<\/strong><br \/>\nWir geben Ihnen gerne unentgeltlich Auskunft \u00fcber die von uns \u00fcber Sie gespeicherten Daten. Es steht Ihnen hierzu das Recht auf L\u00f6schung, Berichtigung bzw. Sperrung Ihrer Daten zu. Wenden Sie sich hierf\u00fcr bitte direkt an unsere Kontaktadresse \u2013 wir leiten Sie an die zust\u00e4ndige Stelle weiter.<\/p>\n<p><strong>\u00c4nderungen unserer Datenschutzbestimmungen<\/strong><br \/>\nWir behalten uns das Recht vor, falls es durch technische oder inhaltliche \u00c4nderungen unserer Website erforderlich ist, unsere Datenschutzbestimmungen entsprechend den gesetzlichen Vorgaben zu \u00e4ndern. Bitte beachten Sie die jeweils aktuelle Version.<\/p>\n<p><strong>Haftungsausschluss<\/strong><br \/>\nF\u00fcr die Nutzung dieser Website \u00fcbernehmen wir keinerlei Haftung. Alle hinterlegten Informationen wurden sorgf\u00e4ltig gepr\u00fcft und nach bestem Wissen und Gewissen erstellt. F\u00fcr alle hinterlegten Informationen auf dieser Website ergibt sich kein Anspruch auf Vollst\u00e4ndigkeit, Richtigkeit oder Aktualit\u00e4t. Es wird keine Haftung \u00fcbernommen, welche durch Nutzung dieser Website entstehen sollte.<\/p>\n<p><strong>Bildmaterial und Inhalte<\/strong><br \/>\nF\u00fcr alle auf dieser Website hinterlegten Bild- und Textinformationen gilt der Urheberrechtschutz. Es ist nicht gestattet Bild- oder Textmaterial, in welcher Form auch immer, ohne unsere Zustimmung zu verwenden.<\/p>\n","protected":false},"excerpt":{"rendered":"<p>Morris Fr\u00f6hlich Morris Fr\u00f6hlich Heizungsbau Zur Altenau 9 97941 Tauberbischofsheim Telefon: 09341\/3659 Telefax: 09341\/13278 E-Mail: info@froehlich-heizungsbau.de Umsatzsteuer-ID: Umsatzsteuer-Identifikationsnummer nach \u00a727a Umsatzsteuergesetz: DE146568805 Handwerkskammer Heilbronn Betriebsnr. 0025485 Gesch\u00e4ftsf\u00fchrer: Morris Fr\u00f6hlich Datenschutzerkl\u00e4rung Fr\u00f6hlich Heizungsbau nimmt Ihren Datenschutz sehr ernst und behandelt Ihre personenbezogenen Daten vertraulich und entsprechend der gesetzlichen Vorschriften. Bedenken Sie, dass die Daten\u00fcbertragung im Internet [&hellip;]<\/p>\n","protected":false},"author":2,"featured_media":0,"parent":0,"menu_order":0,"comment_status":"closed","ping_status":"closed","template":"","meta":{"footnotes":""},"class_list":["post-421","page","type-page","status-publish","hentry","post"],"_links":{"self":[{"href":"https:\/\/www.froehlich-heizungsbau.de\/wordpress\/wp-json\/wp\/v2\/pages\/421","targetHints":{"allow":["GET"]}}],"collection":[{"href":"https:\/\/www.froehlich-heizungsbau.de\/wordpress\/wp-json\/wp\/v2\/pages"}],"about":[{"href":"https:\/\/www.froehlich-heizungsbau.de\/wordpress\/wp-json\/wp\/v2\/types\/page"}],"author":[{"embeddable":true,"href":"https:\/\/www.froehlich-heizungsbau.de\/wordpress\/wp-json\/wp\/v2\/users\/2"}],"replies":[{"embeddable":true,"href":"https:\/\/www.froehlich-heizungsbau.de\/wordpress\/wp-json\/wp\/v2\/comments?post=421"}],"version-history":[{"count":7,"href":"https:\/\/www.froehlich-heizungsbau.de\/wordpress\/wp-json\/wp\/v2\/pages\/421\/revisions"}],"predecessor-version":[{"id":526,"href":"https:\/\/www.froehlich-heizungsbau.de\/wordpress\/wp-json\/wp\/v2\/pages\/421\/revisions\/526"}],"wp:attachment":[{"href":"https:\/\/www.froehlich-heizungsbau.de\/wordpress\/wp-json\/wp\/v2\/media?parent=421"}],"curies":[{"name":"wp","href":"https:\/\/api.w.org\/{rel}","templated":true}]}}