{"id":36,"date":"2015-06-10T21:02:41","date_gmt":"2015-06-10T19:02:41","guid":{"rendered":"https:\/\/www.froehlich-heizungsbau.de\/wordpress\/?page_id=36"},"modified":"2015-08-20T15:57:21","modified_gmt":"2015-08-20T13:57:21","slug":"brennwerttechnik","status":"publish","type":"page","link":"https:\/\/www.froehlich-heizungsbau.de\/wordpress\/brennwerttechnik\/","title":{"rendered":"Brennwerttechnik"},"content":{"rendered":"<p><strong>Definition von Heiz- und Brennwert<\/strong><\/p>\n<p><strong>Brennwerttechnik<\/strong><br \/>\nBei der Brennwerttechnik werden die Verbrennungsgase soweit abgek\u00fchlt, dass der in ihnen enthaltene Wasserdampf kondensiert, wodurch ein zus\u00e4tzlicher W\u00e4rmeanteil frei und damit nutzbar wird.<\/p>\n<p><strong>Definition von W\u00e4rmeanteilen<\/strong><br \/>\nIn der Heiztechnik wird zwischen dem latenten W\u00e4rmeanteil, der die Kondensationsw\u00e4rme darstellt, und dem sensiblen W\u00e4rmeanteil, der sich allein auf das trockene Abgas bezieht, unterschieden. Bezogen auf den Brennstoff wird das sensible W\u00e4rmepotential als Heizwert und das sensible und latente W\u00e4rmepotential zusammen als Brennwert bezeichnet.<\/p>\n<p>&nbsp;<\/p>\n<p><a href=\"https:\/\/www.froehlich-heizungsbau.de\/wordpress\/wp-content\/uploads\/2015\/08\/brennwert.gif\"><img loading=\"lazy\" decoding=\"async\" src=\"https:\/\/www.froehlich-heizungsbau.de\/wordpress\/wp-content\/uploads\/2015\/08\/brennwert.gif\" alt=\"brennwert\" width=\"170\" height=\"147\" \/><\/a><br \/>\nZusammenhang zwischen sensiblen und latenten W\u00e4rmeanteilen sowie Heiz- und Brennwert<img loading=\"lazy\" decoding=\"async\" class=\"spacer-gif alignleft\" title=\"\" src=\"https:\/\/web.archive.org\/web\/20120926001338\/http:\/\/www.froehlich-heizungsbau.de\/clear.gif\" alt=\"\" width=\"1\" height=\"10\" border=\"0\" \/><\/p>\n","protected":false},"excerpt":{"rendered":"<p>Definition von Heiz- und Brennwert Brennwerttechnik Bei der Brennwerttechnik werden die Verbrennungsgase soweit abgek\u00fchlt, dass der in ihnen enthaltene Wasserdampf kondensiert, wodurch ein zus\u00e4tzlicher W\u00e4rmeanteil frei und damit nutzbar wird. Definition von W\u00e4rmeanteilen In der Heiztechnik wird zwischen dem latenten W\u00e4rmeanteil, der die Kondensationsw\u00e4rme darstellt, und dem sensiblen W\u00e4rmeanteil, der sich allein auf das trockene [&hellip;]<\/p>\n","protected":false},"author":1,"featured_media":0,"parent":0,"menu_order":0,"comment_status":"closed","ping_status":"closed","template":"","meta":{"footnotes":""},"class_list":["post-36","page","type-page","status-publish","hentry","post"],"_links":{"self":[{"href":"https:\/\/www.froehlich-heizungsbau.de\/wordpress\/wp-json\/wp\/v2\/pages\/36","targetHints":{"allow":["GET"]}}],"collection":[{"href":"https:\/\/www.froehlich-heizungsbau.de\/wordpress\/wp-json\/wp\/v2\/pages"}],"about":[{"href":"https:\/\/www.froehlich-heizungsbau.de\/wordpress\/wp-json\/wp\/v2\/types\/page"}],"author":[{"embeddable":true,"href":"https:\/\/www.froehlich-heizungsbau.de\/wordpress\/wp-json\/wp\/v2\/users\/1"}],"replies":[{"embeddable":true,"href":"https:\/\/www.froehlich-heizungsbau.de\/wordpress\/wp-json\/wp\/v2\/comments?post=36"}],"version-history":[{"count":28,"href":"https:\/\/www.froehlich-heizungsbau.de\/wordpress\/wp-json\/wp\/v2\/pages\/36\/revisions"}],"predecessor-version":[{"id":256,"href":"https:\/\/www.froehlich-heizungsbau.de\/wordpress\/wp-json\/wp\/v2\/pages\/36\/revisions\/256"}],"wp:attachment":[{"href":"https:\/\/www.froehlich-heizungsbau.de\/wordpress\/wp-json\/wp\/v2\/media?parent=36"}],"curies":[{"name":"wp","href":"https:\/\/api.w.org\/{rel}","templated":true}]}}