{"id":30,"date":"2015-06-10T20:58:30","date_gmt":"2015-06-10T18:58:30","guid":{"rendered":"https:\/\/www.froehlich-heizungsbau.de\/wordpress\/?page_id=30"},"modified":"2020-02-07T10:16:51","modified_gmt":"2020-02-07T09:16:51","slug":"gasfeuerung","status":"publish","type":"page","link":"https:\/\/www.froehlich-heizungsbau.de\/wordpress\/gasfeuerung\/","title":{"rendered":"Gasfeuerung"},"content":{"rendered":"<h1 class=\"headline\">Logamax plus GB172 T<img loading=\"lazy\" decoding=\"async\" class=\"size-medium wp-image-270 alignright\" src=\"https:\/\/www.froehlich-heizungsbau.de\/wordpress\/wp-content\/uploads\/2015\/09\/GB172T_120_Frontansicht.jpg.147740-140x300.jpg\" alt=\"\" width=\"140\" height=\"300\" srcset=\"https:\/\/www.froehlich-heizungsbau.de\/wordpress\/wp-content\/uploads\/2015\/09\/GB172T_120_Frontansicht.jpg.147740-140x300.jpg 140w, https:\/\/www.froehlich-heizungsbau.de\/wordpress\/wp-content\/uploads\/2015\/09\/GB172T_120_Frontansicht.jpg.147740.jpg 233w\" sizes=\"auto, (max-width: 140px) 100vw, 140px\" \/><\/h1>\n<p>Gasbrennwertger\u00e4t als Kompaktheizzentrale f\u00fcr Gasheizung und Warmwasser, verschiedene Versionen mit Rohrwendel-, Schichtenlade- und solarem Warmwasserpeicher<\/p>\n<p>Stromsparend durch Einsatz von Hocheffizienzpumpen der Klasse A, Leistungsgr\u00f6\u00dfen 14, 20 und 24 KW, geeignet f\u00fcr Alt- und Neubau, f\u00fcr Erdgas E\/LL und Fl\u00fcssiggas<\/p>\n<ul class=\"produktDetail\">\n<li>H\u00f6chste Wirtschaftlichkeit durch Brennwertnutzung: Normnutzungsgrad bis zu 109 %<\/li>\n<li>Niedrige Schadstoffwerte<\/li>\n<li>Stromsparend durch den Einsatz einer Hocheffizienzpumpe der Energieklasse A.<\/li>\n<li>Durch eine Vielzahl an Luft-Abgas-Systemen auch ohne Schornsteinanschluss einsetzbar<\/li>\n<li>Absolut b\u00fcndig zur R\u00fcckwand montierbar<\/li>\n<li>Flexible Anschlussm\u00f6glichkeiten nach oben, hinten, rechts und links<\/li>\n<li>Freie Wahl des Aufstellortes<\/li>\n<li>Getrennte Lieferung auf einer Palette f\u00fcr einen einfachen Transport und schnelle Montage<\/li>\n<li>Geeignet f\u00fcr die Mehrfachbelegung im \u00dcberdruckbetrieb<\/li>\n<\/ul>\n<div class=\"row\">\n<div class=\"col-xs-12 \">\n<h1><\/h1>\n<h1 class=\"tt-mybuderus-common-h1-size\">Logamax plus GB192iT <img loading=\"lazy\" decoding=\"async\" class=\"size-medium wp-image-577 alignright\" src=\"https:\/\/www.froehlich-heizungsbau.de\/wordpress\/wp-content\/uploads\/2020\/02\/111-buderus_tower_rechts-225x300.png\" alt=\"\" width=\"225\" height=\"300\" srcset=\"https:\/\/www.froehlich-heizungsbau.de\/wordpress\/wp-content\/uploads\/2020\/02\/111-buderus_tower_rechts-225x300.png 225w, https:\/\/www.froehlich-heizungsbau.de\/wordpress\/wp-content\/uploads\/2020\/02\/111-buderus_tower_rechts.png 300w\" sizes=\"auto, (max-width: 225px) 100vw, 225px\" \/><\/h1>\n<\/div>\n<\/div>\n<div class=\"col-xs-12 tt-mybuderus-productDetailsB2C-mainText\">\n<p class=\"lead\">Die wandstehende Gas-Brennwert-Kompaktheizzentrale Logamax plus GB192iT \u00fcberzeugt mit hochwertigem Design und hohem Warmwasserkomfort. Sie l\u00e4sst sich zudem nachtr\u00e4glich bequem erweitern.<\/p>\n<p><i class=\"lead icon icon-checkmark\"><\/i><\/p>\n<p class=\"lead\">Kompaktes Ger\u00e4t in hochwertigem Design<\/p>\n<p><i class=\"lead icon icon-checkmark\"><\/i><\/p>\n<p class=\"lead\">Selbsterkl\u00e4rend und leicht verst\u00e4ndlich mit Informationen im Klartext<\/p>\n<p><i class=\"lead icon icon-checkmark\"><\/i><\/p>\n<p class=\"lead\">Bis zu 2 Heizkreise mit hydraulischer Weiche integrierbar<\/p>\n<p><i class=\"lead icon icon-checkmark\"><\/i><\/p>\n<p class=\"lead\">Auch nachtr\u00e4glich erweiterbar und kombinierbar mit Pufferspeichern<\/p>\n<p><i class=\"lead icon icon-checkmark\"><\/i><\/p>\n<p class=\"lead\">Verschiedene Varianten mit Schichtenladespeicher f\u00fcr hohen Warmwasserkomfort oder Rohrwendelspeicher bei hoher Wasserh\u00e4rte<\/p>\n<p><i class=\"lead icon icon-checkmark\"><\/i><\/p>\n<p class=\"lead\">Integrierte Internet-Schnittstelle zur Fernbedienung und -\u00fcberwachung aus der Ferne<\/p>\n<\/div>\n","protected":false},"excerpt":{"rendered":"<p>Logamax plus GB172 T Gasbrennwertger\u00e4t als Kompaktheizzentrale f\u00fcr Gasheizung und Warmwasser, verschiedene Versionen mit Rohrwendel-, Schichtenlade- und solarem Warmwasserpeicher Stromsparend durch Einsatz von Hocheffizienzpumpen der Klasse A, Leistungsgr\u00f6\u00dfen 14, 20 und 24 KW, geeignet f\u00fcr Alt- und Neubau, f\u00fcr Erdgas E\/LL und Fl\u00fcssiggas H\u00f6chste Wirtschaftlichkeit durch Brennwertnutzung: Normnutzungsgrad bis zu 109 % Niedrige Schadstoffwerte Stromsparend [&hellip;]<\/p>\n","protected":false},"author":1,"featured_media":0,"parent":0,"menu_order":0,"comment_status":"closed","ping_status":"closed","template":"","meta":{"footnotes":""},"class_list":["post-30","page","type-page","status-publish","hentry","post"],"_links":{"self":[{"href":"https:\/\/www.froehlich-heizungsbau.de\/wordpress\/wp-json\/wp\/v2\/pages\/30","targetHints":{"allow":["GET"]}}],"collection":[{"href":"https:\/\/www.froehlich-heizungsbau.de\/wordpress\/wp-json\/wp\/v2\/pages"}],"about":[{"href":"https:\/\/www.froehlich-heizungsbau.de\/wordpress\/wp-json\/wp\/v2\/types\/page"}],"author":[{"embeddable":true,"href":"https:\/\/www.froehlich-heizungsbau.de\/wordpress\/wp-json\/wp\/v2\/users\/1"}],"replies":[{"embeddable":true,"href":"https:\/\/www.froehlich-heizungsbau.de\/wordpress\/wp-json\/wp\/v2\/comments?post=30"}],"version-history":[{"count":8,"href":"https:\/\/www.froehlich-heizungsbau.de\/wordpress\/wp-json\/wp\/v2\/pages\/30\/revisions"}],"predecessor-version":[{"id":579,"href":"https:\/\/www.froehlich-heizungsbau.de\/wordpress\/wp-json\/wp\/v2\/pages\/30\/revisions\/579"}],"wp:attachment":[{"href":"https:\/\/www.froehlich-heizungsbau.de\/wordpress\/wp-json\/wp\/v2\/media?parent=30"}],"curies":[{"name":"wp","href":"https:\/\/api.w.org\/{rel}","templated":true}]}}