{"id":272,"date":"2015-09-21T09:15:01","date_gmt":"2015-09-21T07:15:01","guid":{"rendered":"http:\/\/web5059.typo520.konto.name\/wordpress\/?page_id=272"},"modified":"2015-09-21T09:17:14","modified_gmt":"2015-09-21T07:17:14","slug":"waermepumpe","status":"publish","type":"page","link":"https:\/\/www.froehlich-heizungsbau.de\/wordpress\/waermepumpe\/","title":{"rendered":"W\u00e4rmepumpe"},"content":{"rendered":"<h1 class=\"headline\">Luft-Wasser-W\u00e4rmepumpe Logatherm WPL AR<\/h1>\n<p>Kompakte Luft-Wasser-W\u00e4rmepumpe f\u00fcr die Au\u00dfenaufstellung im Leistungsbereich von 6-14kW. Hocheffiziente W\u00e4rmepumpe mit integrierten Bauteilen wie Regelung, Hocheffizienz-Heizungspumpe, Heizstab oder Bivalenzmischer im Innenteil. Innenteil auch als Towervariante mit int. WW-Speicher 190 Liter. Auf Wunsch auch mit einer Solaranlage kombinierbar. Die W\u00e4rmepumpen eignen sich f\u00fcr Geb\u00e4ude mit geringem Leistungsbereich. Die eingebaute Regelung HMC 300 mit Klartextanzeige steuert einen Heizkreis und die Warmwasserbereitung.<\/p>\n<ul>\n<li>Sehr effiziente W\u00e4rmepumpe. COP &gt; 4 bei A2\/W35<\/li>\n<li>Modulierender Betrieb. W\u00e4rmepumpe passt sich stufenlos dem W\u00e4rmebedarf an<\/li>\n<li>Reversible W\u00e4rmepumpe zum Heizen und K\u00fchlen<\/li>\n<li>Sehr leichtes Au\u00dfenteil. Gewicht Au\u00dfenteil zwischen 71kg und 132kg<\/li>\n<li>Ger\u00e4uscharme Maschinen. Schalldruckpegel &lt; 40 dB(A) (40% A7\/W35) in 1m Abstand<\/li>\n<li>EHPA G\u00fctesiegel<\/li>\n<li>Verbindung Au\u00dfen- Innenteil \u00fcber Wasserleitung. Kein K\u00e4lteschein erforderlich<\/li>\n<li>Kompakte Abmessungen. Innenteil auch als Towervariante mit int. WW-Speicher 190l bzw. 184l mit Solarw\u00e4rmetauscher<\/li>\n<li>Umfangreiche Serienausstattung. MIt EMS plus- Regelung HMC300, Hocheffizeinzpumpe, elektrischer Zusatzheizer oder Bivalenzmischer<\/li>\n<\/ul>\n<h1 class=\"headline\"><a href=\"http:\/\/web5059.typo520.konto.name\/wordpress\/wp-content\/uploads\/2015\/09\/WPLA.jpg\"><img loading=\"lazy\" decoding=\"async\" class=\"alignnone size-medium wp-image-274\" src=\"https:\/\/web5059.typo520.konto.name\/wordpress\/wp-content\/uploads\/2015\/09\/WPLA-300x300.jpg\" alt=\"WPLA\" width=\"300\" height=\"300\" srcset=\"https:\/\/www.froehlich-heizungsbau.de\/wordpress\/wp-content\/uploads\/2015\/09\/WPLA-300x300.jpg 300w, https:\/\/www.froehlich-heizungsbau.de\/wordpress\/wp-content\/uploads\/2015\/09\/WPLA-150x150.jpg 150w, https:\/\/www.froehlich-heizungsbau.de\/wordpress\/wp-content\/uploads\/2015\/09\/WPLA.jpg 800w\" sizes=\"auto, (max-width: 300px) 100vw, 300px\" \/><\/a><\/h1>\n","protected":false},"excerpt":{"rendered":"<p>Luft-Wasser-W\u00e4rmepumpe Logatherm WPL AR Kompakte Luft-Wasser-W\u00e4rmepumpe f\u00fcr die Au\u00dfenaufstellung im Leistungsbereich von 6-14kW. Hocheffiziente W\u00e4rmepumpe mit integrierten Bauteilen wie Regelung, Hocheffizienz-Heizungspumpe, Heizstab oder Bivalenzmischer im Innenteil. Innenteil auch als Towervariante mit int. WW-Speicher 190 Liter. Auf Wunsch auch mit einer Solaranlage kombinierbar. Die W\u00e4rmepumpen eignen sich f\u00fcr Geb\u00e4ude mit geringem Leistungsbereich. Die eingebaute Regelung HMC [&hellip;]<\/p>\n","protected":false},"author":2,"featured_media":0,"parent":0,"menu_order":0,"comment_status":"closed","ping_status":"closed","template":"","meta":{"footnotes":""},"class_list":["post-272","page","type-page","status-publish","hentry","post"],"_links":{"self":[{"href":"https:\/\/www.froehlich-heizungsbau.de\/wordpress\/wp-json\/wp\/v2\/pages\/272","targetHints":{"allow":["GET"]}}],"collection":[{"href":"https:\/\/www.froehlich-heizungsbau.de\/wordpress\/wp-json\/wp\/v2\/pages"}],"about":[{"href":"https:\/\/www.froehlich-heizungsbau.de\/wordpress\/wp-json\/wp\/v2\/types\/page"}],"author":[{"embeddable":true,"href":"https:\/\/www.froehlich-heizungsbau.de\/wordpress\/wp-json\/wp\/v2\/users\/2"}],"replies":[{"embeddable":true,"href":"https:\/\/www.froehlich-heizungsbau.de\/wordpress\/wp-json\/wp\/v2\/comments?post=272"}],"version-history":[{"count":3,"href":"https:\/\/www.froehlich-heizungsbau.de\/wordpress\/wp-json\/wp\/v2\/pages\/272\/revisions"}],"predecessor-version":[{"id":277,"href":"https:\/\/www.froehlich-heizungsbau.de\/wordpress\/wp-json\/wp\/v2\/pages\/272\/revisions\/277"}],"wp:attachment":[{"href":"https:\/\/www.froehlich-heizungsbau.de\/wordpress\/wp-json\/wp\/v2\/media?parent=272"}],"curies":[{"name":"wp","href":"https:\/\/api.w.org\/{rel}","templated":true}]}}