{"id":27,"date":"2015-06-10T20:58:00","date_gmt":"2015-06-10T18:58:00","guid":{"rendered":"https:\/\/www.froehlich-heizungsbau.de\/wordpress\/?page_id=27"},"modified":"2024-04-08T11:45:03","modified_gmt":"2024-04-08T09:45:03","slug":"oelfeuerung","status":"publish","type":"page","link":"https:\/\/www.froehlich-heizungsbau.de\/wordpress\/oelfeuerung\/","title":{"rendered":"\u00d6lfeuerung"},"content":{"rendered":"<h1>Logano plus KB195i<\/h1>\n<h1 class=\"headline\"><img loading=\"lazy\" decoding=\"async\" class=\"size-medium wp-image-581 alignright\" src=\"https:\/\/www.froehlich-heizungsbau.de\/wordpress\/wp-content\/uploads\/2020\/02\/logano_plus_kb195i_mit_speicher_mit_1_heizkreisset_links-300x281.png\" alt=\"\" width=\"300\" height=\"281\" srcset=\"https:\/\/www.froehlich-heizungsbau.de\/wordpress\/wp-content\/uploads\/2020\/02\/logano_plus_kb195i_mit_speicher_mit_1_heizkreisset_links-300x281.png 300w, https:\/\/www.froehlich-heizungsbau.de\/wordpress\/wp-content\/uploads\/2020\/02\/logano_plus_kb195i_mit_speicher_mit_1_heizkreisset_links.png 617w\" sizes=\"auto, (max-width: 300px) 100vw, 300px\" \/><\/h1>\n<p>Der Logano plus KB195i ist der \u00d6l-Brennwertkessel mit hocheffizienter Technologie und Design f\u00fcr den Wohnraum. Mit einem Modulationsbereich 1:4 von 25 % bis 100 % passt die moderne \u00d6lheizung ihre Betriebsweise automatisch dem jeweils aktuellen W\u00e4rmebedarf an. Die integrierte Regelung Logamatic IMC110 steuert den maximal effizienten Betrieb. Seine Kompaktheit, sein geringes Gewicht und sein gro\u00dfer Modulationsbereich machen den Logano plus KB195i zum idealen Modernisierungskessel. Hinter der Glasfront aus Buderus Titanium Glas sind alle wartungsrelevanten Teile gut zu erreichen und damit montage-, service- und wartungs- und reinigungsfreundlich.<\/p>\n","protected":false},"excerpt":{"rendered":"<p>Logano plus KB195i Der Logano plus KB195i ist der \u00d6l-Brennwertkessel mit hocheffizienter Technologie und Design f\u00fcr den Wohnraum. Mit einem Modulationsbereich 1:4 von 25 % bis 100 % passt die moderne \u00d6lheizung ihre Betriebsweise automatisch dem jeweils aktuellen W\u00e4rmebedarf an. Die integrierte Regelung Logamatic IMC110 steuert den maximal effizienten Betrieb. Seine Kompaktheit, sein geringes Gewicht [&hellip;]<\/p>\n","protected":false},"author":1,"featured_media":0,"parent":0,"menu_order":0,"comment_status":"closed","ping_status":"closed","template":"","meta":{"footnotes":""},"class_list":["post-27","page","type-page","status-publish","hentry","post"],"_links":{"self":[{"href":"https:\/\/www.froehlich-heizungsbau.de\/wordpress\/wp-json\/wp\/v2\/pages\/27","targetHints":{"allow":["GET"]}}],"collection":[{"href":"https:\/\/www.froehlich-heizungsbau.de\/wordpress\/wp-json\/wp\/v2\/pages"}],"about":[{"href":"https:\/\/www.froehlich-heizungsbau.de\/wordpress\/wp-json\/wp\/v2\/types\/page"}],"author":[{"embeddable":true,"href":"https:\/\/www.froehlich-heizungsbau.de\/wordpress\/wp-json\/wp\/v2\/users\/1"}],"replies":[{"embeddable":true,"href":"https:\/\/www.froehlich-heizungsbau.de\/wordpress\/wp-json\/wp\/v2\/comments?post=27"}],"version-history":[{"count":10,"href":"https:\/\/www.froehlich-heizungsbau.de\/wordpress\/wp-json\/wp\/v2\/pages\/27\/revisions"}],"predecessor-version":[{"id":610,"href":"https:\/\/www.froehlich-heizungsbau.de\/wordpress\/wp-json\/wp\/v2\/pages\/27\/revisions\/610"}],"wp:attachment":[{"href":"https:\/\/www.froehlich-heizungsbau.de\/wordpress\/wp-json\/wp\/v2\/media?parent=27"}],"curies":[{"name":"wp","href":"https:\/\/api.w.org\/{rel}","templated":true}]}}