{"id":18,"date":"2015-06-10T20:53:40","date_gmt":"2015-06-10T18:53:40","guid":{"rendered":"http:\/\/web5059.typo520.konto.name\/wordpress\/?page_id=18"},"modified":"2020-06-17T09:19:00","modified_gmt":"2020-06-17T07:19:00","slug":"heizung","status":"publish","type":"page","link":"https:\/\/www.froehlich-heizungsbau.de\/wordpress\/heizung\/","title":{"rendered":"Heizung"},"content":{"rendered":"<h1>SPIELEND LEICHT ZUR NEUEN HEIZUNG!<\/h1>\n<p class=\"lead\"><strong>Kostenlos und unverbindlich anfragen<br \/><\/strong><\/p>\n<p style=\"text-align: left;\"><span style=\"color: #0000ff;\"><strong><a style=\"color: #0000ff;\" href=\"https:\/\/easyquote.thernovo.com\/morrisfroehlich\">-&gt;Angebotsanfrage&lt;-<\/a><\/strong><\/span><\/p>\n<p class=\"lead\">Einfach Online Angebots-Tool ausf\u00fcllen und schon erhalten Sie kostenlos und unverbindlich ein individuelles Heizungsangebot f\u00fcr Ihre neue Heizung.<\/p>\n<p>\u00a0<\/p>\n<p>\u00a0<\/p>\n\n\n<p class=\"bodytext\"><b>Alte Heizkessel verschwenden Geld und Energie<\/b><\/p>\n<p>Wenn die Heizung funktioniert, muss sie auch nicht modernisiert werden \u2013 so die verbreitete Ansicht unter deutschen Hausbesitzern. Aber eine Anlage, die st\u00f6rungsfrei l\u00e4uft, ist nicht zwangsl\u00e4ufig besonders leistungsf\u00e4hig.<\/p>\n<p>Auch die regelm\u00e4\u00dfigen Messungen des Schornsteinfegers sagen nichts \u00fcber die Energieeffizienz einer Heizung aus. Einen besseren Anhaltspunkt bietet beispielsweise das Alter des Kessels. So entsprechen praktisch alle vor 1985 installierten Kessel bei weitem nicht mehr dem Stand der Technik und sollten dringend ausgetauscht werden.<\/p>\n<p>Auch Anlagen, die noch mit konstanter Vor- und R\u00fccklauftemperatur arbeiten, gelten als Energieverschwender. Ebenfalls bedenklich ist es, wenn im Heizraum im Winter \u00fcber 20 \u00b0C herrschen. Denn solche Temperaturen entstehen, wenn der Kessel zu viel W\u00e4rme abstrahlt.<\/p>\n<p>Wer anstatt eines Standardkessels einen nicht zu alten Niedertemperaturkessel betreibt, kann die Verluste durch regelm\u00e4\u00dfige Wartung und einen hydraulischen Abgleich in Grenzen halten. Im Vergleich zum \u00d6l-Brennwertger\u00e4t gehen dann aber immer noch etwa 10 Prozent der erzeugten W\u00e4rme verloren.<\/p>\n<p>Am besten schneiden neue Heizungen mit Brennwerttechnik ab. Das liegt unter anderem an der ausgekl\u00fcgelten Technik, welche die im Abgas enthaltene Energie f\u00fcr Heizzwecke nutzt. Dadurch wird die Energie, die im Heiz\u00f6l steckt, fast vollst\u00e4ndig in W\u00e4rme umgewandelt. Der Austausch einer alten Heizung spart also Energie und Geld.<\/p>\n<p><a href=\"https:\/\/www.froehlich-heizungsbau.de\/wordpress\/wp-content\/uploads\/2015\/06\/Waermeverluste_Heizkessel.jpg\"><img loading=\"lazy\" decoding=\"async\" class=\"alignnone size-medium wp-image-165\" src=\"https:\/\/www.froehlich-heizungsbau.de\/wordpress\/wp-content\/uploads\/2015\/06\/Waermeverluste_Heizkessel-300x200.jpg\" alt=\"Waermeverluste_Heizkessel\" width=\"300\" height=\"200\" srcset=\"https:\/\/www.froehlich-heizungsbau.de\/wordpress\/wp-content\/uploads\/2015\/06\/Waermeverluste_Heizkessel-300x200.jpg 300w, https:\/\/www.froehlich-heizungsbau.de\/wordpress\/wp-content\/uploads\/2015\/06\/Waermeverluste_Heizkessel-272x182.jpg 272w, https:\/\/www.froehlich-heizungsbau.de\/wordpress\/wp-content\/uploads\/2015\/06\/Waermeverluste_Heizkessel.jpg 333w\" sizes=\"auto, (max-width: 300px) 100vw, 300px\" \/><\/a><\/p>\n<p>\u00a9 2013 Institut f\u00fcr W\u00e4rme und Oeltechnik e.V<\/p>\n<p><img loading=\"lazy\" decoding=\"async\" class=\"spacer-gif\" title=\"\" src=\"https:\/\/web.archive.org\/web\/20131009185217\/http:\/\/froehlich-heizungsbau.de\/clear.gif\" alt=\"\" width=\"1\" height=\"10\" border=\"0\" \/><\/p>\n","protected":false},"excerpt":{"rendered":"<p>SPIELEND LEICHT ZUR NEUEN HEIZUNG! Kostenlos und unverbindlich anfragen -&gt;Angebotsanfrage&lt;- Einfach Online Angebots-Tool ausf\u00fcllen und schon erhalten Sie kostenlos und unverbindlich ein individuelles Heizungsangebot f\u00fcr Ihre neue Heizung. \u00a0 \u00a0 Alte Heizkessel verschwenden Geld und Energie Wenn die Heizung funktioniert, muss sie auch nicht modernisiert werden \u2013 so die verbreitete Ansicht unter deutschen Hausbesitzern. Aber [&hellip;]<\/p>\n","protected":false},"author":1,"featured_media":0,"parent":0,"menu_order":0,"comment_status":"closed","ping_status":"closed","template":"","meta":{"footnotes":""},"class_list":["post-18","page","type-page","status-publish","hentry","post"],"_links":{"self":[{"href":"https:\/\/www.froehlich-heizungsbau.de\/wordpress\/wp-json\/wp\/v2\/pages\/18","targetHints":{"allow":["GET"]}}],"collection":[{"href":"https:\/\/www.froehlich-heizungsbau.de\/wordpress\/wp-json\/wp\/v2\/pages"}],"about":[{"href":"https:\/\/www.froehlich-heizungsbau.de\/wordpress\/wp-json\/wp\/v2\/types\/page"}],"author":[{"embeddable":true,"href":"https:\/\/www.froehlich-heizungsbau.de\/wordpress\/wp-json\/wp\/v2\/users\/1"}],"replies":[{"embeddable":true,"href":"https:\/\/www.froehlich-heizungsbau.de\/wordpress\/wp-json\/wp\/v2\/comments?post=18"}],"version-history":[{"count":8,"href":"https:\/\/www.froehlich-heizungsbau.de\/wordpress\/wp-json\/wp\/v2\/pages\/18\/revisions"}],"predecessor-version":[{"id":591,"href":"https:\/\/www.froehlich-heizungsbau.de\/wordpress\/wp-json\/wp\/v2\/pages\/18\/revisions\/591"}],"wp:attachment":[{"href":"https:\/\/www.froehlich-heizungsbau.de\/wordpress\/wp-json\/wp\/v2\/media?parent=18"}],"curies":[{"name":"wp","href":"https:\/\/api.w.org\/{rel}","templated":true}]}}