{"id":174,"date":"2015-06-15T08:37:04","date_gmt":"2015-06-15T06:37:04","guid":{"rendered":"http:\/\/web5059.typo520.konto.name\/wordpress\/?page_id=174"},"modified":"2020-02-07T09:20:46","modified_gmt":"2020-02-07T08:20:46","slug":"einzelanlage","status":"publish","type":"page","link":"https:\/\/www.froehlich-heizungsbau.de\/wordpress\/einzelanlage\/","title":{"rendered":"Einzelanlage"},"content":{"rendered":"\n<div class=\"wp-block-group\"><div class=\"wp-block-group__inner-container is-layout-flow wp-block-group-is-layout-flow\">\n<div class=\"wp-block-group\"><div class=\"wp-block-group__inner-container is-layout-flow wp-block-group-is-layout-flow\">\n<h2>softliQ:SD18 \u2013 Wasserenth\u00e4rtung sanft und exakt nach Bedarf<img loading=\"lazy\" decoding=\"async\" class=\"size-medium wp-image-569 alignright\" src=\"https:\/\/www.froehlich-heizungsbau.de\/wordpress\/wp-content\/uploads\/2020\/02\/softliQ_SD_18_720x720-300x300.jpg\" alt=\"\" width=\"300\" height=\"300\" srcset=\"https:\/\/www.froehlich-heizungsbau.de\/wordpress\/wp-content\/uploads\/2020\/02\/softliQ_SD_18_720x720-300x300.jpg 300w, https:\/\/www.froehlich-heizungsbau.de\/wordpress\/wp-content\/uploads\/2020\/02\/softliQ_SD_18_720x720-150x150.jpg 150w, https:\/\/www.froehlich-heizungsbau.de\/wordpress\/wp-content\/uploads\/2020\/02\/softliQ_SD_18_720x720.jpg 720w\" sizes=\"auto, (max-width: 300px) 100vw, 300px\" \/><\/h2>\n<div class=\"row\">\n<div class=\"col-md-12\">\n<div id=\"c21097\" class=\"frame frame-default frame-type-textmedia frame-layout-0\">\n<div class=\"ce-textpic ce-center ce-above\">\n<div class=\"ce-bodytext\">\n<p>Die Enth\u00e4rtungsanlage softliQ:SD18 (Einsatzempfehlung: 1 bis 4 Personen) enth\u00e4rtet Wasser entsprechend dem Wasserverbrauch. Die Anlagenkapazit\u00e4t wird automatisch an den individuellen Wasserverbrauch des Betreibers angepasst. Eine kontinuierliche Versorgung mit weichem Wasser ist immer gew\u00e4hrleistet. Denn der Enth\u00e4rter regeneriert einmal t\u00e4glich &#8211; wenn min. 50 % deraktuellen Anlagenkapazit\u00e4t verbraucht ist &#8211; zu einer Zeit, in der kein Wasser ben\u00f6tigt wird. Der softliQ:SD18 arbeitet nach dem Ionenaustauschverfahren und ist mit einer vollautomatischen Steuerung und einem verschlei\u00dfoptimierten Steuerventil ausgestattet. Die Enth\u00e4rtungsanlage passt sich aufgrund der eingestellten Rohwasserh\u00e4rte und den Wasserentnahmen den Vorort-Bedingungen an. Technische Intelligenz sorgt f\u00fcr effiziente Enth\u00e4rtung mit kleinstem Salzverbrauch. Werkseitig ist der Comfort-Modus eingestellt. Bei gr\u00f6\u00dferen Schwankungen im Wasserverbrauch kann in den Power-Modus gewechselt werden. Die Bedienung erfolgt \u00fcber das integrierte Farb-Touchdisplay oder \u00fcber die Gr\u00fcnbeck myProduct-App.<\/p>\n<\/div>\n<\/div>\n<\/div>\n<\/div>\n<\/div>\n<div class=\"row\">\n<div class=\"col-md-12\">\n<div id=\"c21098\" class=\"frame frame-default frame-type-bullets frame-layout-0\">\n<ul class=\"ce-bullets\">\n<li>effiziente Wasserenth\u00e4rtung<\/li>\n<li>Einsatzempfehlung: 1 bis 4 Pers.<\/li>\n<li>formvollendetes Design<\/li>\n<li>Soft-Close-Funktion<\/li>\n<li>Farb-Touchdisplay<\/li>\n<li>WLAN<\/li>\n<li>mobile Anlagensteuerung mit Gr\u00fcnbeck myProduct-App<\/li>\n<li>Trennung von Salztank und Technik<\/li>\n<li>individuelle Wahl zwischen den Betriebsmodi: Eco, Power, Comfort, Individual oder Fix<\/li>\n<\/ul>\n<\/div>\n<\/div>\n<\/div>\n<p>\u00a0<\/p>\n<\/div><\/div>\n<\/div><\/div>\n","protected":false},"excerpt":{"rendered":"<p>softliQ:SD18 \u2013 Wasserenth\u00e4rtung sanft und exakt nach Bedarf Die Enth\u00e4rtungsanlage softliQ:SD18 (Einsatzempfehlung: 1 bis 4 Personen) enth\u00e4rtet Wasser entsprechend dem Wasserverbrauch. Die Anlagenkapazit\u00e4t wird automatisch an den individuellen Wasserverbrauch des Betreibers angepasst. Eine kontinuierliche Versorgung mit weichem Wasser ist immer gew\u00e4hrleistet. Denn der Enth\u00e4rter regeneriert einmal t\u00e4glich &#8211; wenn min. 50 % deraktuellen Anlagenkapazit\u00e4t verbraucht [&hellip;]<\/p>\n","protected":false},"author":2,"featured_media":0,"parent":0,"menu_order":0,"comment_status":"closed","ping_status":"open","template":"","meta":{"footnotes":""},"class_list":["post-174","page","type-page","status-publish","hentry","post"],"_links":{"self":[{"href":"https:\/\/www.froehlich-heizungsbau.de\/wordpress\/wp-json\/wp\/v2\/pages\/174","targetHints":{"allow":["GET"]}}],"collection":[{"href":"https:\/\/www.froehlich-heizungsbau.de\/wordpress\/wp-json\/wp\/v2\/pages"}],"about":[{"href":"https:\/\/www.froehlich-heizungsbau.de\/wordpress\/wp-json\/wp\/v2\/types\/page"}],"author":[{"embeddable":true,"href":"https:\/\/www.froehlich-heizungsbau.de\/wordpress\/wp-json\/wp\/v2\/users\/2"}],"replies":[{"embeddable":true,"href":"https:\/\/www.froehlich-heizungsbau.de\/wordpress\/wp-json\/wp\/v2\/comments?post=174"}],"version-history":[{"count":7,"href":"https:\/\/www.froehlich-heizungsbau.de\/wordpress\/wp-json\/wp\/v2\/pages\/174\/revisions"}],"predecessor-version":[{"id":570,"href":"https:\/\/www.froehlich-heizungsbau.de\/wordpress\/wp-json\/wp\/v2\/pages\/174\/revisions\/570"}],"wp:attachment":[{"href":"https:\/\/www.froehlich-heizungsbau.de\/wordpress\/wp-json\/wp\/v2\/media?parent=174"}],"curies":[{"name":"wp","href":"https:\/\/api.w.org\/{rel}","templated":true}]}}