{"id":16,"date":"2015-06-10T20:53:31","date_gmt":"2015-06-10T18:53:31","guid":{"rendered":"https:\/\/www.froehlich-heizungsbau.de\/wordpress\/?page_id=16"},"modified":"2020-02-07T09:48:19","modified_gmt":"2020-02-07T08:48:19","slug":"wasserenthaertung","status":"publish","type":"page","link":"https:\/\/www.froehlich-heizungsbau.de\/wordpress\/wasserenthaertung\/","title":{"rendered":"Wasseraufbereitung"},"content":{"rendered":"<h2>Enth\u00e4rtungsanlagen<\/h2>\n<p><img loading=\"lazy\" decoding=\"async\" class=\"size-medium wp-image-170 alignright\" src=\"https:\/\/www.froehlich-heizungsbau.de\/wordpress\/wp-content\/uploads\/2015\/06\/37e2810a3c-233x300.jpg\" alt=\"37e2810a3c\" width=\"233\" height=\"300\" \/>Klares, weiches Wasser, Komfort f\u00fcr die Haut, brilliante Armaturen wie am ersten Tag. All dies k\u00f6nnen Sie haben mit den Enth\u00e4rtungsanlagen Weichwassermeister GSX und softliQ:SD von Gr\u00fcnbeck. \u00dcber das naturidentische Verfahren des Ionenaustausches werden die H\u00e4rtebildner Magnesium und Calcium aus dem Trinkwasser entfernt und Armaturen wie Wasserh\u00e4hne<br \/>\nund Brausek\u00f6pfe gl\u00e4nzen ein Leben lang.<\/p>\n<p>Ein Leben wie aus dem Bilderbuch. Sanft gleitet das Wasser \u00fcber die Haut. Und bei Sp\u00fclmaschine und Waschmaschine &#8211; nie mehr Kalkprobleme.<\/p>\n<p>Nicht nur das, zus\u00e4tzlich bewahren Sie die Hausinstallationen vor Verkalkung und letztlich vor dem Rohrinfarkt.<\/p>\n<p>Vorteile einer Weichwasseranlage:<\/p>\n<ul>\n<li>Mehr Genuss bei Tee und Kaffee<\/li>\n<li>Werterhalt Ihrer Immobilie<\/li>\n<li>Zeit und Geld sparen<\/li>\n<li>Umwelt schonen und Ressourcen sparen<\/li>\n<li>Schutz f\u00fcr Ihre Haushaltsger\u00e4te<\/li>\n<li>Angenehme W\u00e4sche<\/li>\n<li>Kosten f\u00fcr Waschpulver um bis zu 50 % senken<\/li>\n<li>Weiche Haut und Haare<\/li>\n<\/ul>\n<p><img loading=\"lazy\" decoding=\"async\" class=\"wp-image-171 alignright\" src=\"https:\/\/www.froehlich-heizungsbau.de\/wordpress\/wp-content\/uploads\/2015\/06\/gruenbeck-logo-300x169.jpg\" alt=\"gruenbeck-logo\" width=\"233\" height=\"131\" srcset=\"https:\/\/www.froehlich-heizungsbau.de\/wordpress\/wp-content\/uploads\/2015\/06\/gruenbeck-logo-300x169.jpg 300w, https:\/\/www.froehlich-heizungsbau.de\/wordpress\/wp-content\/uploads\/2015\/06\/gruenbeck-logo.jpg 572w\" sizes=\"auto, (max-width: 233px) 100vw, 233px\" \/><\/p>\n","protected":false},"excerpt":{"rendered":"<p>Enth\u00e4rtungsanlagen Klares, weiches Wasser, Komfort f\u00fcr die Haut, brilliante Armaturen wie am ersten Tag. All dies k\u00f6nnen Sie haben mit den Enth\u00e4rtungsanlagen Weichwassermeister GSX und softliQ:SD von Gr\u00fcnbeck. \u00dcber das naturidentische Verfahren des Ionenaustausches werden die H\u00e4rtebildner Magnesium und Calcium aus dem Trinkwasser entfernt und Armaturen wie Wasserh\u00e4hne und Brausek\u00f6pfe gl\u00e4nzen ein Leben lang. Ein [&hellip;]<\/p>\n","protected":false},"author":1,"featured_media":0,"parent":0,"menu_order":0,"comment_status":"closed","ping_status":"closed","template":"","meta":{"footnotes":""},"class_list":["post-16","page","type-page","status-publish","hentry","post"],"_links":{"self":[{"href":"https:\/\/www.froehlich-heizungsbau.de\/wordpress\/wp-json\/wp\/v2\/pages\/16","targetHints":{"allow":["GET"]}}],"collection":[{"href":"https:\/\/www.froehlich-heizungsbau.de\/wordpress\/wp-json\/wp\/v2\/pages"}],"about":[{"href":"https:\/\/www.froehlich-heizungsbau.de\/wordpress\/wp-json\/wp\/v2\/types\/page"}],"author":[{"embeddable":true,"href":"https:\/\/www.froehlich-heizungsbau.de\/wordpress\/wp-json\/wp\/v2\/users\/1"}],"replies":[{"embeddable":true,"href":"https:\/\/www.froehlich-heizungsbau.de\/wordpress\/wp-json\/wp\/v2\/comments?post=16"}],"version-history":[{"count":7,"href":"https:\/\/www.froehlich-heizungsbau.de\/wordpress\/wp-json\/wp\/v2\/pages\/16\/revisions"}],"predecessor-version":[{"id":571,"href":"https:\/\/www.froehlich-heizungsbau.de\/wordpress\/wp-json\/wp\/v2\/pages\/16\/revisions\/571"}],"wp:attachment":[{"href":"https:\/\/www.froehlich-heizungsbau.de\/wordpress\/wp-json\/wp\/v2\/media?parent=16"}],"curies":[{"name":"wp","href":"https:\/\/api.w.org\/{rel}","templated":true}]}}